{"id":2973,"date":"2026-01-28T11:09:47","date_gmt":"2026-01-28T09:09:47","guid":{"rendered":"https:\/\/pankultura.lt\/easy-to-understand-language\/"},"modified":"2026-04-21T09:47:26","modified_gmt":"2026-04-21T07:47:26","slug":"easy-to-understand-language","status":"publish","type":"page","link":"https:\/\/pankultura.lt\/en\/easy-to-understand-language\/","title":{"rendered":"Easy-to-understand language"},"content":{"rendered":"<h3><strong>Information about Panev\u0117\u017eys Cultural Centre<br \/>\n<\/strong><\/h3>\n<h3><strong>What is it?<br \/>\n<\/strong><\/h3>\n<p>Panev\u0117\u017eys Cultural Centre is an institution.<br \/>\nHereafter we will refer to it as the Cultural Centre.<\/p>\n<h3><strong>Manager<\/strong><\/h3>\n<p>Director of the Culture Centre &#8211; Judita Ka\u010dinskait\u0117.<\/p>\n<h3><strong>What does the Cultural Centre do?<br \/>\n<\/strong><\/h3>\n<p>Cultural Centre:<br \/>\n&#8211; organises concerts and performances<br \/>\n&#8211; organises exhibitions<br \/>\n&#8211; organises children&#8217;s education<br \/>\n&#8211; organises city-wide festivals<br \/>\n&#8211; takes care of art groups (choirs, dance and folklore groups).<\/p>\n<h3><strong>How do I buy a ticket for an event?<\/strong><\/h3>\n<p>Tickets can be purchased at the Culture Centre box office.<\/p>\n<h3><strong>Important<\/strong><\/h3>\n<p>Payment is by cash only.<\/p>\n<h3><strong>What is the address of the Cultural Centre?<\/strong><\/h3>\n<p>Kranto str. 28, Panev\u0117\u017eys<\/p>\n<h3><strong>What if you can&#8217;t come to the Culture Centre?<\/strong><\/h3>\n<p>If you are unable to come to the Cultural Centre, you can call the Cultural Centre on.<\/p>\n<p>The phone number for the Cultural Centre is +370 454 60635<\/p>\n<p>You can also send an email to the Cultural Centre.<\/p>\n<p>The email address is info@pankultura.lt<\/p>\n<p>The Box Office telephone number is +370 455 81373<br \/>\nThe Box Office email address is kasa@pankultura.lt<\/p>\n<h3><strong>When is the Cultural Centre open?<\/strong><\/h3>\n<p>The Cultural Centre is open:<\/p>\n<p>Monday, Tuesday, Wednesday and Thursday<br \/>\nfrom 8am to 5pm<\/p>\n<p>Friday<br \/>\nfrom 8am to 3.15pm for 45 minutes<\/p>\n<p>On the 1st day before a holiday, the Cultural Centre is open 1 hour shorter.<br \/>\nFor example, if the Cultural Centre is open until 17:00 on a normal day, it is open until 16:00 on the 1st day before a holiday.<\/p>\n<p>The Cultural Centre is closed on public holidays.<\/p>\n<h3><strong>When is the Culture Centre box office open?<\/strong><\/h3>\n<p>The cash desk works:<\/p>\n<p>Monday, Tuesday, Wednesday and Thursday<br \/>\nfrom 10am to 1pm<br \/>\nand from 2pm to 6pm<\/p>\n<p>Friday<br \/>\nfrom 10 am to 1 pm<br \/>\nand from 2 pm to 5 pm<\/p>\n<p>On weekends, the box office is open 1 hour before the event.<\/p>\n<h3><strong>More information<\/strong><\/h3>\n<p>You can find out more about the Cultural Centre on its website.<\/p>\n<p>You need to click on the orange link<\/p>\n<p><a href=\"https:\/\/www.pankultura.lt\/\">https:\/\/www.pankultura.lt\/<\/a><\/p>\n<p>You will then be taken to a web page.<\/p>\n","protected":false},"excerpt":{"rendered":"<p>Information about Panev\u0117\u017eys Cultural Centre What is it? Panev\u0117\u017eys Cultural Centre is an institution. Hereafter we will refer to it as the Cultural Centre. Manager Director of the Culture Centre &#8211; Judita Ka\u010dinskait\u0117. What does the Cultural Centre do? Cultural Centre: &#8211; organises concerts and performances &#8211; organises exhibitions &#8211; organises children&#8217;s education &#8211; organises [&hellip;]<\/p>\n","protected":false},"author":1,"featured_media":0,"parent":0,"menu_order":11,"comment_status":"closed","ping_status":"closed","template":"","meta":{"_acf_changed":false,"footnotes":""},"class_list":["post-2973","page","type-page","status-publish","hentry"],"acf":[],"_links":{"self":[{"href":"https:\/\/pankultura.lt\/en\/wp-json\/wp\/v2\/pages\/2973","targetHints":{"allow":["GET"]}}],"collection":[{"href":"https:\/\/pankultura.lt\/en\/wp-json\/wp\/v2\/pages"}],"about":[{"href":"https:\/\/pankultura.lt\/en\/wp-json\/wp\/v2\/types\/page"}],"author":[{"embeddable":true,"href":"https:\/\/pankultura.lt\/en\/wp-json\/wp\/v2\/users\/1"}],"replies":[{"embeddable":true,"href":"https:\/\/pankultura.lt\/en\/wp-json\/wp\/v2\/comments?post=2973"}],"version-history":[{"count":2,"href":"https:\/\/pankultura.lt\/en\/wp-json\/wp\/v2\/pages\/2973\/revisions"}],"predecessor-version":[{"id":3401,"href":"https:\/\/pankultura.lt\/en\/wp-json\/wp\/v2\/pages\/2973\/revisions\/3401"}],"wp:attachment":[{"href":"https:\/\/pankultura.lt\/en\/wp-json\/wp\/v2\/media?parent=2973"}],"curies":[{"name":"wp","href":"https:\/\/api.w.org\/{rel}","templated":true}]}}